{"id":961,"date":"2019-04-11T10:54:05","date_gmt":"2019-04-11T08:54:05","guid":{"rendered":"https:\/\/ballinhof.de\/?page_id=961"},"modified":"2019-04-11T11:24:14","modified_gmt":"2019-04-11T09:24:14","slug":"history","status":"publish","type":"page","link":"https:\/\/ballinhof.de\/en\/history\/","title":{"rendered":"History"},"content":{"rendered":"<p>[vc_row section_type=&#8221;fullwidth&#8221; section_full_height=&#8221;fullheight&#8221; bg_type=&#8221;image&#8221; bg_image=&#8221;767&#8243; columns_gap=&#8221;none&#8221; tablet_sm_visibility=&#8221;hide&#8221; mobile_visibility=&#8221;hide&#8221;][vc_column column_effect=&#8221;vertical-parallax&#8221; column_effect_invert=&#8221;true&#8221; column_custom_position=&#8221;yes&#8221; position_top=&#8221;minus-2x&#8221; position_left=&#8221;minus-4x&#8221; width=&#8221;1\/3&#8243;]<div class=\"grve-element grve-image grve-align-center\" style=\"\">  <div class=\"grve-image-wrapper\"><img loading=\"lazy\" decoding=\"async\" width=\"600\" height=\"581\" src=\"https:\/\/ballinhof.de\/wp-content\/uploads\/2019\/04\/G_cut-1.png\" class=\"attachment-full size-full\" alt=\"\" srcset=\"https:\/\/ballinhof.de\/wp-content\/uploads\/2019\/04\/G_cut-1.png 600w, https:\/\/ballinhof.de\/wp-content\/uploads\/2019\/04\/G_cut-1-300x291.png 300w\" sizes=\"auto, (max-width: 600px) 100vw, 600px\" \/>   <\/div><\/div><div class=\"grve-empty-space grve-height-1x\" style=\"\"><\/div><div class=\"grve-element grve-image grve-align-center\" style=\"\">  <div class=\"grve-image-wrapper\"><img loading=\"lazy\" decoding=\"async\" width=\"1570\" height=\"513\" src=\"https:\/\/ballinhof.de\/wp-content\/uploads\/2019\/03\/Vector-Smart-Object-5.png\" class=\"attachment-full size-full\" alt=\"\" srcset=\"https:\/\/ballinhof.de\/wp-content\/uploads\/2019\/03\/Vector-Smart-Object-5.png 1570w, https:\/\/ballinhof.de\/wp-content\/uploads\/2019\/03\/Vector-Smart-Object-5-300x98.png 300w, https:\/\/ballinhof.de\/wp-content\/uploads\/2019\/03\/Vector-Smart-Object-5-768x251.png 768w, https:\/\/ballinhof.de\/wp-content\/uploads\/2019\/03\/Vector-Smart-Object-5-1024x335.png 1024w\" sizes=\"auto, (max-width: 1570px) 100vw, 1570px\" \/>   <\/div><\/div>[\/vc_column][vc_column column_effect=&#8221;vertical-parallax&#8221; column_custom_position=&#8221;yes&#8221; position_top=&#8221;3x&#8221; width=&#8221;1\/3&#8243; css=&#8221;.vc_custom_1553695095874{padding-top: 0px !important;padding-right: 0px !important;padding-bottom: 0px !important;padding-left: 0px !important;}&#8221;]<div class=\"grve-element grve-image grve-align-center\" style=\"\">  <div class=\"grve-image-wrapper\"><img loading=\"lazy\" decoding=\"async\" width=\"1726\" height=\"1172\" src=\"https:\/\/ballinhof.de\/wp-content\/uploads\/2019\/04\/S_tipped.png\" class=\"attachment-full size-full\" alt=\"\" srcset=\"https:\/\/ballinhof.de\/wp-content\/uploads\/2019\/04\/S_tipped.png 1726w, https:\/\/ballinhof.de\/wp-content\/uploads\/2019\/04\/S_tipped-300x204.png 300w, https:\/\/ballinhof.de\/wp-content\/uploads\/2019\/04\/S_tipped-768x521.png 768w, https:\/\/ballinhof.de\/wp-content\/uploads\/2019\/04\/S_tipped-1024x695.png 1024w\" sizes=\"auto, (max-width: 1726px) 100vw, 1726px\" \/>   <\/div><\/div><div class=\"grve-empty-space grve-height-1x\" style=\"\"><\/div><div class=\"grve-element grve-image grve-align-center\" style=\"\">  <div class=\"grve-image-wrapper\"><img loading=\"lazy\" decoding=\"async\" width=\"341\" height=\"330\" src=\"https:\/\/ballinhof.de\/wp-content\/uploads\/2019\/03\/C_white2.png\" class=\"attachment-full size-full\" alt=\"\" srcset=\"https:\/\/ballinhof.de\/wp-content\/uploads\/2019\/03\/C_white2.png 341w, https:\/\/ballinhof.de\/wp-content\/uploads\/2019\/03\/C_white2-300x290.png 300w\" sizes=\"auto, (max-width: 341px) 100vw, 341px\" \/>   <\/div><\/div>[\/vc_column][vc_column column_effect=&#8221;vertical-parallax&#8221; column_effect_invert=&#8221;true&#8221; column_custom_position=&#8221;yes&#8221; position_top=&#8221;2x&#8221; position_right=&#8221;minus-2x&#8221; width=&#8221;1\/3&#8243; css=&#8221;.vc_custom_1553695107154{padding-top: 0px !important;padding-right: 0px !important;padding-bottom: 0px !important;padding-left: 0px !important;}&#8221;]<div class=\"grve-element grve-image grve-align-center\" style=\"\">  <div class=\"grve-image-wrapper\"><img loading=\"lazy\" decoding=\"async\" width=\"520\" height=\"710\" src=\"https:\/\/ballinhof.de\/wp-content\/uploads\/2019\/04\/H_new-1.png\" class=\"attachment-full size-full\" alt=\"\" srcset=\"https:\/\/ballinhof.de\/wp-content\/uploads\/2019\/04\/H_new-1.png 520w, https:\/\/ballinhof.de\/wp-content\/uploads\/2019\/04\/H_new-1-220x300.png 220w\" sizes=\"auto, (max-width: 520px) 100vw, 520px\" \/>   <\/div><\/div><div class=\"grve-empty-space grve-height-1x\" style=\"\"><\/div>[\/vc_column][\/vc_row][vc_row section_type=&#8221;fullwidth&#8221; padding_top_multiplier=&#8221;&#8221; padding_bottom_multiplier=&#8221;&#8221; columns_gap=&#8221;none&#8221; desktop_visibility=&#8221;hide&#8221; tablet_visibility=&#8221;hide&#8221;][vc_column column_custom_position=&#8221;yes&#8221; css=&#8221;.vc_custom_1554897905376{padding-top: 0px !important;padding-right: 0px !important;padding-bottom: 0px !important;padding-left: 0px !important;}&#8221;]<div class=\"grve-element grve-image grve-align-left\" style=\"\">  <div class=\"grve-image-wrapper\"><img loading=\"lazy\" decoding=\"async\" width=\"1511\" height=\"1132\" src=\"https:\/\/ballinhof.de\/wp-content\/uploads\/2019\/04\/Geschichte2.jpg\" class=\"attachment-full size-full\" alt=\"\" srcset=\"https:\/\/ballinhof.de\/wp-content\/uploads\/2019\/04\/Geschichte2.jpg 1511w, https:\/\/ballinhof.de\/wp-content\/uploads\/2019\/04\/Geschichte2-300x225.jpg 300w, https:\/\/ballinhof.de\/wp-content\/uploads\/2019\/04\/Geschichte2-768x575.jpg 768w, https:\/\/ballinhof.de\/wp-content\/uploads\/2019\/04\/Geschichte2-1024x767.jpg 1024w, https:\/\/ballinhof.de\/wp-content\/uploads\/2019\/04\/Geschichte2-560x420.jpg 560w, https:\/\/ballinhof.de\/wp-content\/uploads\/2019\/04\/Geschichte2-900x675.jpg 900w\" sizes=\"auto, (max-width: 1511px) 100vw, 1511px\" \/>   <\/div><\/div>[\/vc_column][\/vc_row][vc_row bg_type=&#8221;color&#8221; padding_top_multiplier=&#8221;4x&#8221; padding_bottom_multiplier=&#8221;4x&#8221; tablet_sm_visibility=&#8221;hide&#8221; mobile_visibility=&#8221;hide&#8221; bg_color=&#8221;#002827&#8243;][vc_column width=&#8221;1\/6&#8243;][\/vc_column][vc_column width=&#8221;2\/3&#8243;][vc_column_text animation_delay=&#8221;100&#8243;]<\/p>\n<h1 style=\"text-align: center;\">The office boulevard of Hamburg\u2019s merchants<\/h1>\n<p>[\/vc_column_text]<div class=\"grve-empty-space grve-height-2x\" style=\"\"><\/div>[vc_column_text]<\/p>\n<h5 style=\"text-align: center;\">The Ballindamm owes its foundations to two disasters and its name to a seafaring visionary. Nowadays, the promenade on lake Alster is turning into an increasingly attractive and creative part of Hamburg\u2019s city centre &#8211; for businesses and visitors alike.<\/h5>\n<p>[\/vc_column_text][\/vc_column][vc_column width=&#8221;1\/6&#8243;][\/vc_column][\/vc_row][vc_row bg_type=&#8221;color&#8221; padding_top_multiplier=&#8221;4x&#8221; padding_bottom_multiplier=&#8221;2x&#8221; columns_gap=&#8221;40&#8243; tablet_sm_visibility=&#8221;hide&#8221; mobile_visibility=&#8221;hide&#8221; bg_color=&#8221;#003a34&#8243;][vc_column width=&#8221;1\/2&#8243;][vc_column_text]Today\u2019s Ballindamm is one of the most prestigious and central streets in the heart of Hamburg: the bridge between the exclusive shopping mile Jungfernstieg, the Europa Passage shopping arcade, and Glockengie\u00dferwall, where the art gallery and the main train station are located.<\/p>\n<p>It is hence all the more astonishing, that this elegant promenade with its magnificent office palaces along the Inner Alster was built on rubble: In olden days, this is where the water of the Alster flowed along the city walls, flanked by a prison with an impressive gabled fa\u00e7ade. Until the Great fire of Hamburg in 1842, which left behind nothing but rubble.\u00a0 Rubble that served as the foundation for the first street on the eastern bank of the Alster &#8211; named \u201cAlsterdamm\u201d by the people of Hamburg. A charming boulevard, which Hamburg\u2019s merchants discovered for themselves around 1900 in order to establish their office buildings here.[\/vc_column_text]<div class=\"grve-empty-space grve-height-2x\" style=\"\"><\/div>[vc_column_text]<\/p>\n<h6 style=\"text-align: right;\">The original fa\u00e7ade of the Ballinhof seen from the former Alsterdamm &#8211; today\u2019s Ballindamm. The Neo-Gothic building was designed by Lundt &amp; Kallmorgen back in1905.<\/h6>\n<p>[\/vc_column_text][\/vc_column][vc_column width=&#8221;1\/2&#8243;][vc_column_text]The years following the turn of the century also saw the construction of today&#8217;s Ballinhof (1901-1902) and the Hapag-Lloyd headquarters with the prominent sandstone fa\u00e7ade &#8211; two buildings which, with a few exceptions, survived the destruction of the Second World War almost unscathed. After the Second World War, the Alsterdamm was widened &#8211; once again with rubble &#8211; and named after Hapag Director General Albert Ballin in 1947.[\/vc_column_text]<div class=\"grve-empty-space grve-height-2x\" style=\"\"><\/div><div class=\"grve-element grve-image grve-align-right\" style=\"\">  <div class=\"grve-image-wrapper\"><img loading=\"lazy\" decoding=\"async\" width=\"1500\" height=\"1609\" src=\"https:\/\/ballinhof.de\/wp-content\/uploads\/2019\/03\/BH_Zeichnung-wsign.png\" class=\"attachment-full size-full\" alt=\"\" srcset=\"https:\/\/ballinhof.de\/wp-content\/uploads\/2019\/03\/BH_Zeichnung-wsign.png 1500w, https:\/\/ballinhof.de\/wp-content\/uploads\/2019\/03\/BH_Zeichnung-wsign-280x300.png 280w, https:\/\/ballinhof.de\/wp-content\/uploads\/2019\/03\/BH_Zeichnung-wsign-768x824.png 768w, https:\/\/ballinhof.de\/wp-content\/uploads\/2019\/03\/BH_Zeichnung-wsign-955x1024.png 955w\" sizes=\"auto, (max-width: 1500px) 100vw, 1500px\" \/>   <\/div><\/div>[\/vc_column][\/vc_row][vc_row bg_type=&#8221;color&#8221; padding_top_multiplier=&#8221;4x&#8221; padding_bottom_multiplier=&#8221;4x&#8221; columns_gap=&#8221;40&#8243; desktop_visibility=&#8221;hide&#8221; tablet_visibility=&#8221;hide&#8221; bg_color=&#8221;#003a34&#8243;][vc_column][vc_column_text animation_delay=&#8221;100&#8243;]<\/p>\n<h1 style=\"text-align: center;\">The office boulevard of Hamburg\u2019s merchants<\/h1>\n<p>[\/vc_column_text]<div class=\"grve-empty-space grve-height-2x\" style=\"\"><\/div>[vc_column_text]<\/p>\n<h5 style=\"text-align: center;\">The Ballindamm owes its foundations to two disasters and its name to a seafaring visionary. Nowadays, the promenade on lake Alster is turning into an increasingly attractive and creative part of Hamburg\u2019s city centre &#8211; for businesses and visitors alike.<\/h5>\n<p>[\/vc_column_text]<div class=\"grve-empty-space grve-height-2x\" style=\"\"><\/div>[vc_column_text]Today\u2019s Ballindamm is one of the most prestigious and central streets in the heart of Hamburg: the bridge between the exclusive shopping mile Jungfernstieg, the Europa Passage shopping arcade, and Glockengie\u00dferwall, where the art gallery and the main train station are located.<\/p>\n<p>It is hence all the more astonishing, that this elegant promenade with its magnificent office palaces along the Inner Alster was built on rubble: In olden days, this is where the water of the Alster flowed along the city walls, flanked by a prison with an impressive gabled fa\u00e7ade. Until the Great fire of Hamburg in 1842, which left behind nothing but rubble.\u00a0 Rubble that served as the foundation for the first street on the eastern bank of the Alster &#8211; named \u201cAlsterdamm\u201d by the people of Hamburg. A charming boulevard, which Hamburg\u2019s merchants discovered for themselves around 1900 in order to establish their office buildings here.[\/vc_column_text]<div class=\"grve-empty-space grve-height-1x\" style=\"\"><\/div><div class=\"grve-element grve-image grve-align-center\" style=\"\">  <div class=\"grve-image-wrapper\"><img loading=\"lazy\" decoding=\"async\" width=\"1500\" height=\"1609\" src=\"https:\/\/ballinhof.de\/wp-content\/uploads\/2019\/03\/BH_Zeichnung-wsign.png\" class=\"attachment-full size-full\" alt=\"\" srcset=\"https:\/\/ballinhof.de\/wp-content\/uploads\/2019\/03\/BH_Zeichnung-wsign.png 1500w, https:\/\/ballinhof.de\/wp-content\/uploads\/2019\/03\/BH_Zeichnung-wsign-280x300.png 280w, https:\/\/ballinhof.de\/wp-content\/uploads\/2019\/03\/BH_Zeichnung-wsign-768x824.png 768w, https:\/\/ballinhof.de\/wp-content\/uploads\/2019\/03\/BH_Zeichnung-wsign-955x1024.png 955w\" sizes=\"auto, (max-width: 1500px) 100vw, 1500px\" \/>   <\/div><\/div><div class=\"grve-empty-space grve-height-1x\" style=\"\"><\/div>[vc_column_text]<\/p>\n<h6>The original fa\u00e7ade of the Ballinhof seen from the former Alsterdamm &#8211; today\u2019s Ballindamm. The Neo-Gothic building was designed by Lundt &amp; Kallmorgen back in 1905.<\/h6>\n<p>[\/vc_column_text]<div class=\"grve-empty-space grve-height-2x\" style=\"\"><\/div>[vc_column_text]The years following the turn of the century also saw the construction of today&#8217;s Ballinhof (1901-1902) and the Hapag-Lloyd headquarters with the prominent sandstone fa\u00e7ade &#8211; two buildings which, with a few exceptions, survived the destruction of the Second World War almost unscathed. After the Second World War, the Alsterdamm was widened &#8211; once again with rubble &#8211; and named after Hapag Director General Albert Ballin in 1947.[\/vc_column_text][\/vc_column][\/vc_row][vc_row padding_top_multiplier=&#8221;4x&#8221; padding_bottom_multiplier=&#8221;2x&#8221; tablet_sm_visibility=&#8221;hide&#8221; mobile_visibility=&#8221;hide&#8221;][vc_column width=&#8221;1\/6&#8243;][\/vc_column][vc_column width=&#8221;2\/3&#8243;][vc_column_text animation=&#8221;grve-fade-in&#8221; animation_delay=&#8221;100&#8243;]<\/p>\n<h1 style=\"text-align: center;\">A prominent office building embedded in a shipping tradition<\/h1>\n<p>[\/vc_column_text]<div class=\"grve-empty-space grve-height-2x\" style=\"\"><\/div>[vc_column_text]<\/p>\n<h5 style=\"text-align: center;\">The sandstone fa\u00e7ade of the Ballinhof features a group of figures that is still intact today and a sculpture of a ship\u2019s stern &#8211; a living witness to the eventful history of the house.<\/h5>\n<p>[\/vc_column_text][\/vc_column][vc_column width=&#8221;1\/6&#8243;][\/vc_column][\/vc_row][vc_row padding_top_multiplier=&#8221;2x&#8221; padding_bottom_multiplier=&#8221;2x&#8221; columns_gap=&#8221;40&#8243; tablet_sm_visibility=&#8221;hide&#8221; mobile_visibility=&#8221;hide&#8221;][vc_column width=&#8221;1\/2&#8243;][vc_column_text]It was the family of ship owners A.C. de Freitas who commissioned the office building that was designed by the renowned architects Lundt &amp; Kallmorgen from 1901 to 1902. Augusto Constantino de Freitas came to the Hanseatic city as a political emigrant and established a flourishing shipping company in a matter of years. Even back then, the building was to serve prestigious ambitions: with reliefs, friezes, capitals, and the flanking towers.<\/p>\n<p>Two further building sections were completed in 1905 and 1921: In 1905, the architects enlarged the building on the side of Gertrudenstra\u00dfe. In 1918, it was sold to the company Westf\u00e4lische Kohlen-Kontor GmbH. In 1921, the architect Richard Ku\u00f6hl designed the recessed penthouse for the new owner, embellishing it with an impressive group of figures that measure four metres in height and represent \u201cmining, trade, and industry\u201d. The sculptures at the corner of Ballindamm\/ Gertrudenstra\u00dfe are a direct reference to the contractor and represent miners.[\/vc_column_text][\/vc_column][vc_column width=&#8221;1\/2&#8243;][vc_column_text]It is a miracle and a stroke of luck that the Ballinhof was not destroyed during the Second World War. Its marvellous features, including the ceramic fa\u00e7ade with its Gothic-style elements on Ferdinandstra\u00dfe (see picture on the left), have been preserved. They form a beautiful contrast to the front fa\u00e7ade, which was made of sandstone.<\/p>\n<p>Further historical elements have been preserved: the sculpture of the stern of a ship, which appears to be sailing into the building, as well as the railing of the staircase, which depicts scenes from the mining trade. It is no coincidence that the Ballinhof is under heritage protection and that it features on the list of Hamburg\u2019s historic office buildings that are worth a visit.[\/vc_column_text][\/vc_column][\/vc_row][vc_row padding_top_multiplier=&#8221;4x&#8221; padding_bottom_multiplier=&#8221;2x&#8221; desktop_visibility=&#8221;hide&#8221; tablet_visibility=&#8221;hide&#8221;][vc_column][vc_column_text animation=&#8221;grve-fade-in&#8221; animation_delay=&#8221;100&#8243;]<\/p>\n<h1 style=\"text-align: center;\">A prominent office building embedded in a shipping tradition<\/h1>\n<p>[\/vc_column_text]<div class=\"grve-empty-space grve-height-2x\" style=\"\"><\/div>[vc_column_text]<\/p>\n<h5 style=\"text-align: center;\">The sandstone fa\u00e7ade of the Ballinhof features a group of figures that is still intact today and a sculpture of a ship\u2019s stern &#8211; a living witness to the eventful history of the house.<\/h5>\n<p>[\/vc_column_text]<div class=\"grve-empty-space grve-height-2x\" style=\"\"><\/div><div class=\"grve-element grve-image grve-align-right grve-full-image grve-image-space-100\" style=\"\">  <div class=\"grve-image-wrapper\"><img loading=\"lazy\" decoding=\"async\" width=\"150\" height=\"150\" src=\"https:\/\/ballinhof.de\/wp-content\/uploads\/2019\/03\/DSCF2733_crop-150x150.jpg\" class=\"attachment-thumbnail size-thumbnail\" alt=\"\" srcset=\"https:\/\/ballinhof.de\/wp-content\/uploads\/2019\/03\/DSCF2733_crop-150x150.jpg 150w, https:\/\/ballinhof.de\/wp-content\/uploads\/2019\/03\/DSCF2733_crop-560x560.jpg 560w, https:\/\/ballinhof.de\/wp-content\/uploads\/2019\/03\/DSCF2733_crop-900x900.jpg 900w\" sizes=\"auto, (max-width: 150px) 100vw, 150px\" \/>   <\/div><\/div><div class=\"grve-empty-space grve-height-2x\" style=\"\"><\/div>[vc_column_text]It was the family of ship owners A.C. de Freitas who commissioned the office building that was designed by the renowned architects Lundt &amp; Kallmorgen from 1901 to 1902. Augusto Constantino de Freitas came to the Hanseatic city as a political emigrant and established a flourishing shipping company in a matter of years. Even back then, the building was to serve prestigious ambitions: with reliefs, friezes, capitals, and the flanking towers.<\/p>\n<p>Two further building sections were completed in 1905 and 1921: In 1905, the architects enlarged the building on the side of Gertrudenstra\u00dfe. In 1918, it was sold to the company Westf\u00e4lische Kohlen-Kontor GmbH. In 1921, the architect Richard Ku\u00f6hl designed the recessed penthouse for the new owner, embellishing it with an impressive group of figures that measure four metres in height and represent \u201cmining, trade, and industry\u201d. The sculptures at the corner of Ballindamm\/ Gertrudenstra\u00dfe are a direct reference to the contractor and represent miners.[\/vc_column_text][\/vc_column][\/vc_row][vc_row section_type=&#8221;fullwidth&#8221; padding_top_multiplier=&#8221;2x&#8221; padding_bottom_multiplier=&#8221;2x&#8221; columns_gap=&#8221;none&#8221; desktop_visibility=&#8221;hide&#8221; tablet_visibility=&#8221;hide&#8221; tablet_sm_visibility=&#8221;hide&#8221;][vc_column]<div class=\"grve-element grve-image grve-align-right\" style=\"\">  <div class=\"grve-image-wrapper\"><img loading=\"lazy\" decoding=\"async\" width=\"1133\" height=\"1800\" src=\"https:\/\/ballinhof.de\/wp-content\/uploads\/2019\/03\/MKN63B-mobile.jpg\" class=\"attachment-full size-full\" alt=\"\" srcset=\"https:\/\/ballinhof.de\/wp-content\/uploads\/2019\/03\/MKN63B-mobile.jpg 1133w, https:\/\/ballinhof.de\/wp-content\/uploads\/2019\/03\/MKN63B-mobile-189x300.jpg 189w, https:\/\/ballinhof.de\/wp-content\/uploads\/2019\/03\/MKN63B-mobile-768x1220.jpg 768w, https:\/\/ballinhof.de\/wp-content\/uploads\/2019\/03\/MKN63B-mobile-645x1024.jpg 645w\" sizes=\"auto, (max-width: 1133px) 100vw, 1133px\" \/>   <\/div><\/div>[\/vc_column][\/vc_row][vc_row padding_top_multiplier=&#8221;&#8221; padding_bottom_multiplier=&#8221;4x&#8221; desktop_visibility=&#8221;hide&#8221; tablet_visibility=&#8221;hide&#8221; tablet_sm_visibility=&#8221;hide&#8221;][vc_column]<div class=\"grve-empty-space grve-height-1x\" style=\"\"><\/div>[vc_column_text]<\/p>\n<h4 style=\"text-align: center;\">The sculptured fa\u00e7ade of the Ballinhof with its tracery-like ornaments and reliefs reflects Romanesque, Byzantine, and Gothic architecture.\u00a0 The group of figures representing \u201cmining, trade, and industry\u201d at the corner of Ballindamm\/Gertrudenstra\u00dfe and the association with the shipping company below the bay window on the side facing Ballindamm are particularly impressive.<\/h4>\n<p>[\/vc_column_text]<div class=\"grve-empty-space grve-height-3x\" style=\"\"><\/div>[vc_column_text]It is a miracle and a stroke of luck that the Ballinhof was not destroyed during the Second World War. Its marvellous features, including the ceramic fa\u00e7ade with its Gothic-style elements on Ferdinandstra\u00dfe (see picture on the left), have been preserved. They form a beautiful contrast to the front fa\u00e7ade, which was made of sandstone.<\/p>\n<p>Further historical elements have been preserved: the sculpture of the stern of a ship, which appears to be sailing into the building, as well as the railing of the staircase, which depicts scenes from the mining trade. It is no coincidence that the Ballinhof is under heritage protection and that it features on the list of Hamburg\u2019s historic office buildings that are worth a visit.[\/vc_column_text][\/vc_column][\/vc_row][vc_row bg_type=&#8221;image&#8221; bg_image=&#8221;455&#8243; padding_top_multiplier=&#8221;2x&#8221; padding_bottom_multiplier=&#8221;6x&#8221; columns_gap=&#8221;40&#8243; mobile_visibility=&#8221;hide&#8221;][vc_column width=&#8221;1\/2&#8243;]<div class=\"grve-element grve-image grve-align-right\" style=\"\">  <div class=\"grve-image-wrapper\"><img loading=\"lazy\" decoding=\"async\" width=\"1184\" height=\"1235\" src=\"https:\/\/ballinhof.de\/wp-content\/uploads\/2019\/03\/DSCF2733_crop.jpg\" class=\"attachment-full size-full\" alt=\"\" srcset=\"https:\/\/ballinhof.de\/wp-content\/uploads\/2019\/03\/DSCF2733_crop.jpg 1184w, https:\/\/ballinhof.de\/wp-content\/uploads\/2019\/03\/DSCF2733_crop-288x300.jpg 288w, https:\/\/ballinhof.de\/wp-content\/uploads\/2019\/03\/DSCF2733_crop-768x801.jpg 768w, https:\/\/ballinhof.de\/wp-content\/uploads\/2019\/03\/DSCF2733_crop-982x1024.jpg 982w\" sizes=\"auto, (max-width: 1184px) 100vw, 1184px\" \/>   <\/div><\/div><div class=\"grve-empty-space grve-height-1x\" style=\"\"><\/div>[vc_column_text css=&#8221;.vc_custom_1554974344995{padding-top: 20px !important;padding-right: 20px !important;padding-bottom: 20px !important;padding-left: 20px !important;}&#8221;]<\/p>\n<h4 style=\"text-align: center;\">The sculptured fa\u00e7ade of the Ballinhof with its tracery-like ornaments and reliefs reflects Romanesque, Byzantine, and Gothic architecture.\u00a0 The group of figures representing \u201cmining, trade, and industry\u201d at the corner of Ballindamm\/Gertrudenstra\u00dfe and the association with the shipping company below the bay window on the side facing Ballindamm are particularly impressive.<\/h4>\n<p>[\/vc_column_text][\/vc_column][vc_column width=&#8221;1\/2&#8243;]<div class=\"grve-element grve-image grve-align-right\" style=\"\">  <div class=\"grve-image-wrapper\"><img loading=\"lazy\" decoding=\"async\" width=\"1366\" height=\"2000\" src=\"https:\/\/ballinhof.de\/wp-content\/uploads\/2019\/03\/MKN63B_full.jpg\" class=\"attachment-full size-full\" alt=\"\" srcset=\"https:\/\/ballinhof.de\/wp-content\/uploads\/2019\/03\/MKN63B_full.jpg 1366w, https:\/\/ballinhof.de\/wp-content\/uploads\/2019\/03\/MKN63B_full-205x300.jpg 205w, https:\/\/ballinhof.de\/wp-content\/uploads\/2019\/03\/MKN63B_full-768x1124.jpg 768w, https:\/\/ballinhof.de\/wp-content\/uploads\/2019\/03\/MKN63B_full-699x1024.jpg 699w, https:\/\/ballinhof.de\/wp-content\/uploads\/2019\/03\/MKN63B_full-1311x1920.jpg 1311w\" sizes=\"auto, (max-width: 1366px) 100vw, 1366px\" \/>   <\/div><\/div><div class=\"grve-empty-space grve-height-5x\" style=\"\"><\/div>[\/vc_column][\/vc_row]<\/p>\n","protected":false},"excerpt":{"rendered":"<p>[vc_row section_type=&#8221;fullwidth&#8221; section_full_height=&#8221;fullheight&#8221; bg_type=&#8221;image&#8221; bg_image=&#8221;767&#8243; columns_gap=&#8221;none&#8221; tablet_sm_visibility=&#8221;hide&#8221; mobile_visibility=&#8221;hide&#8221;][vc_column column_effect=&#8221;vertical-parallax&#8221; column_effect_invert=&#8221;true&#8221; column_custom_position=&#8221;yes&#8221; position_top=&#8221;minus-2x&#8221; position_left=&#8221;minus-4x&#8221; width=&#8221;1\/3&#8243;][\/vc_column][vc_column column_effect=&#8221;vertical-parallax&#8221; column_custom_position=&#8221;yes&#8221; position_top=&#8221;3x&#8221; width=&#8221;1\/3&#8243; css=&#8221;.vc_custom_1553695095874{padding-top: 0px !important;padding-right: 0px !important;padding-bottom: 0px !important;padding-left: 0px !important;}&#8221;][\/vc_column][vc_column column_effect=&#8221;vertical-parallax&#8221; column_effect_invert=&#8221;true&#8221; column_custom_position=&#8221;yes&#8221; position_top=&#8221;2x&#8221; position_right=&#8221;minus-2x&#8221; width=&#8221;1\/3&#8243; css=&#8221;.vc_custom_1553695107154{padding-top: 0px !important;padding-right: 0px !important;padding-bottom: 0px !important;padding-left: 0px !important;}&#8221;][\/vc_column][\/vc_row][vc_row section_type=&#8221;fullwidth&#8221; padding_top_multiplier=&#8221;&#8221; padding_bottom_multiplier=&#8221;&#8221; columns_gap=&#8221;none&#8221; desktop_visibility=&#8221;hide&#8221; tablet_visibility=&#8221;hide&#8221;][vc_column column_custom_position=&#8221;yes&#8221; css=&#8221;.vc_custom_1554897905376{padding-top: 0px !important;padding-right: 0px !important;padding-bottom: 0px [&hellip;]<\/p>\n","protected":false},"author":5,"featured_media":0,"parent":0,"menu_order":0,"comment_status":"closed","ping_status":"closed","template":"","meta":{"footnotes":""},"class_list":["post-961","page","type-page","status-publish","hentry"],"_links":{"self":[{"href":"https:\/\/ballinhof.de\/en\/wp-json\/wp\/v2\/pages\/961","targetHints":{"allow":["GET"]}}],"collection":[{"href":"https:\/\/ballinhof.de\/en\/wp-json\/wp\/v2\/pages"}],"about":[{"href":"https:\/\/ballinhof.de\/en\/wp-json\/wp\/v2\/types\/page"}],"author":[{"embeddable":true,"href":"https:\/\/ballinhof.de\/en\/wp-json\/wp\/v2\/users\/5"}],"replies":[{"embeddable":true,"href":"https:\/\/ballinhof.de\/en\/wp-json\/wp\/v2\/comments?post=961"}],"version-history":[{"count":4,"href":"https:\/\/ballinhof.de\/en\/wp-json\/wp\/v2\/pages\/961\/revisions"}],"predecessor-version":[{"id":965,"href":"https:\/\/ballinhof.de\/en\/wp-json\/wp\/v2\/pages\/961\/revisions\/965"}],"wp:attachment":[{"href":"https:\/\/ballinhof.de\/en\/wp-json\/wp\/v2\/media?parent=961"}],"curies":[{"name":"wp","href":"https:\/\/api.w.org\/{rel}","templated":true}]}}